{"id":29656,"date":"2020-12-17T18:17:47","date_gmt":"2020-12-17T18:17:47","guid":{"rendered":"https:\/\/the7.io\/elementor-main\/?page_id=29656"},"modified":"2026-04-20T10:34:37","modified_gmt":"2026-04-20T10:34:37","slug":"impressum","status":"publish","type":"page","link":"https:\/\/ewamazurkoj.art\/web\/impressum\/","title":{"rendered":"Impressum"},"content":{"rendered":"\t\t<div data-elementor-type=\"wp-page\" data-elementor-id=\"29656\" class=\"elementor elementor-29656\" data-elementor-post-type=\"page\">\n\t\t\t\t\t\t<section class=\"elementor-section elementor-top-section elementor-element elementor-element-9a40cef elementor-section-boxed elementor-section-height-default elementor-section-height-default\" data-id=\"9a40cef\" data-element_type=\"section\" data-e-type=\"section\">\n\t\t\t\t\t\t<div class=\"elementor-container elementor-column-gap-wider\">\n\t\t\t\t\t<div class=\"elementor-column elementor-col-50 elementor-top-column elementor-element elementor-element-7db51b5\" data-id=\"7db51b5\" data-element_type=\"column\" data-e-type=\"column\">\n\t\t\t<div class=\"elementor-widget-wrap elementor-element-populated\">\n\t\t\t\t\t\t<div class=\"elementor-element elementor-element-8720d0c elementor-toc--content-ellipsis elementor-widget elementor-widget-table-of-contents\" data-id=\"8720d0c\" data-element_type=\"widget\" data-e-type=\"widget\" data-settings=\"{&quot;exclude_headings_by_selector&quot;:[],&quot;marker_view&quot;:&quot;bullets&quot;,&quot;sticky&quot;:&quot;top&quot;,&quot;sticky_parent&quot;:&quot;yes&quot;,&quot;no_headings_message&quot;:&quot;No headings were found on this page.&quot;,&quot;headings_by_tags&quot;:[&quot;h2&quot;,&quot;h3&quot;,&quot;h4&quot;,&quot;h5&quot;,&quot;h6&quot;],&quot;icon&quot;:{&quot;value&quot;:&quot;fas fa-circle&quot;,&quot;library&quot;:&quot;fa-solid&quot;},&quot;hierarchical_view&quot;:&quot;yes&quot;,&quot;min_height&quot;:{&quot;unit&quot;:&quot;px&quot;,&quot;size&quot;:&quot;&quot;,&quot;sizes&quot;:[]},&quot;min_height_tablet&quot;:{&quot;unit&quot;:&quot;px&quot;,&quot;size&quot;:&quot;&quot;,&quot;sizes&quot;:[]},&quot;min_height_mobile&quot;:{&quot;unit&quot;:&quot;px&quot;,&quot;size&quot;:&quot;&quot;,&quot;sizes&quot;:[]},&quot;sticky_on&quot;:[&quot;desktop&quot;,&quot;tablet&quot;,&quot;mobile&quot;],&quot;sticky_offset&quot;:0,&quot;sticky_effects_offset&quot;:0,&quot;sticky_anchor_link_offset&quot;:0}\" data-widget_type=\"table-of-contents.default\">\n\t\t\t\t<div class=\"elementor-widget-container\">\n\t\t\t\t\t\t\t\t\t<div class=\"elementor-toc__header\">\n\t\t\t\t\t\t<h4 class=\"elementor-toc__header-title\">\n\t\t\t\tInhaltsverzeichnis Impressum\t\t\t<\/h4>\n\t\t\t\t\t\t\t\t<\/div>\n\t\t\t\t<div id=\"elementor-toc__8720d0c\" class=\"elementor-toc__body\">\n\t\t\t<div class=\"elementor-toc__spinner-container\">\n\t\t\t\t<i class=\"elementor-toc__spinner eicon-animation-spin eicon-loading\" aria-hidden=\"true\"><\/i>\t\t\t<\/div>\n\t\t<\/div>\n\t\t\t\t\t\t<\/div>\n\t\t\t\t<\/div>\n\t\t\t\t\t<\/div>\n\t\t<\/div>\n\t\t\t\t<div class=\"elementor-column elementor-col-50 elementor-top-column elementor-element elementor-element-4205337\" data-id=\"4205337\" data-element_type=\"column\" data-e-type=\"column\">\n\t\t\t<div class=\"elementor-widget-wrap elementor-element-populated\">\n\t\t\t\t\t\t<div class=\"elementor-element elementor-element-b44398e elementor-widget elementor-widget-text-editor\" data-id=\"b44398e\" data-element_type=\"widget\" data-e-type=\"widget\" data-widget_type=\"text-editor.default\">\n\t\t\t\t<div class=\"elementor-widget-container\">\n\t\t\t\t\t\t\t\t\t<h1>Impressum<\/h1><p>Die Inhalte von ewamazurkoj.art wurden mit gr\u00f6\u00dfter Sorgfalt erstellt. F\u00fcr die Richtigkeit, Vollst\u00e4ndigkeit und Aktualit\u00e4t der Inhalte k\u00f6nnen wir jedoch keine Gew\u00e4hr \u00fcbernehmen.<\/p><p>Atelier<br \/>Ewa Mazur-Koj<br \/>Kulturzentrum <br \/>Alte Pantoffelfabrik<br \/>Gersteinring 3<br \/>44791 Bochum<\/p><p>Tel. +49 176 665 19760<\/p><p>E-Mail: <a href=\"mailto:ewamazurkoj@gmail.com\">ewamazurkoj@gmail.com<\/a><br \/>Internet: <a href=\"http:\/\/www.ewamazurkoj.art\">www.ewamazurkoj.art<\/a><\/p><p>ID-St.: 350\/5160\/3215<\/p><p>Inhaltlich verantwortlich gem\u00e4\u00df \u00a7 10 Absatz 3 MDStV:<\/p><p>Atelier<br \/>Ewa Mazur-Koj<\/p><p>Konzept &amp; Umsetzung der Website:<br \/>\u00a9 Stressfreidesign \/ <a href=\"http:\/\/www.stressfreidesign.de\">www.stressfreidesign.de<\/a> &amp; Ewa Mazur-Koj<\/p><p>Bildnachweise:<br \/>\u00a9 Patrycjusz Kmieciak<\/p><p>\u00a9Ewa Mazur-Koj<\/p><p>\u00a9Olga Pancu<\/p><p>RECHTLICHE HINWEISE<br \/>Mit der Benutzung des Internetangebotes der ewamazurkoj.art akzeptieren Sie die folgenden Bedingungen:<\/p><h3>Inhalte<\/h3><p>Die auf den Internetseiten der ewamazurkoj.art zur Verf\u00fcgung gestellten Inhalte sind unseres Erachtens verl\u00e4sslich und sorgf\u00e4ltig erarbeitet. ewamazurkoj.art \u00fcbernimmt jedoch keine Gew\u00e4hrleistung f\u00fcr die Vollst\u00e4ndigkeit, Richtigkeit und Genauigkeit s\u00e4mtlicher Inhalte auf den Webseiten.<\/p><h3>Gewerbliche Schutzrechte<\/h3><p>Alle innerhalb des Internetangebotes genannten und ggf. durch Dritte gesch\u00fctzten Marken- und Warenzeichen unterliegen uneingeschr\u00e4nkt den Bestimmungen des jeweils g\u00fcltigen Kennzeichenrechts und den Rechten der jeweiligen eingetragenen Eigent\u00fcmer. Allein aufgrund der blo\u00dfen Nennung ist nicht der Schluss zu ziehen, dass Marken- und Warenzeichen nicht durch Rechte Dritter gesch\u00fctzt sind.<\/p><h3>Linking und Framing (Die Inhalte anderer Webseiten)<\/h3><p>zu denen ewamazurkoj.art auf seinen Internetseiten Links geschaltet hat zu denen ewamazurkoj.art in seinem eigenen Design verlinkt (Framing), die in ihrem Internetangebot einen Link zur ewamazurkoj.art geschaltet haben oder das Angebot der ewamazurkoj.art in ihrem eigenen Design verlinken, unterliegen nicht dem Einfluss und der Kontrolle von ewamazurkoj.art. ewamazurkoj.art ist daher weder verantwortlich f\u00fcr den Inhalt, die Verf\u00fcgbarkeit, die Richtigkeit und die Genauigkeit dieser Webseite, noch f\u00fcr deren Angebote, Links oder Werbeanzeigen.<\/p><p>Trotz aller Bem\u00fchungen ist es nicht immer m\u00f6glich, Herkunft und Inhalt dieser Webseite vollst\u00e4ndig aufzukl\u00e4ren. Der Inhalt der Webseite, auf ewamazurkoj.art verlinkt, ist grunds\u00e4tzlich nicht Gegenstand des Angebotes der ewamazurkoj.art , es sei denn, es wird gesondert darauf hingewiesen.<\/p><p>ewamazurkoj.art \u00fcbernimmt keinerlei Haftung f\u00fcr Sch\u00e4den oder Verpflichtungen, die im Zusammenhang mit der Benutzung dieser Webseite stehen. Eine Haftungsverpflichtung w\u00fcrde ausschlie\u00dflichin dem Fall eintreten, in dem ewamazurkoj.art von den Inhalten Kenntnis h\u00e4tte und es ihr technisch m\u00f6glich und zumutbar w\u00e4re, die Nutzung im Falle rechtswidriger Inhalte zu verhindern.<\/p><h3>Sonstiges<\/h3><p>Dieser Haftungsausschluss ist als Teil des Internetangebotes zu betrachten, von dem aus auf diese Seite verwiesen wurde.\u00a0Sofern Teile oder einzelne Formulierungen dieses Haftungsausschlusses unwirksam sind oder zuk\u00fcnftig werden, bleiben die \u00fcbrigen Teile des Dokumentes in ihrem Inhalt und ihrer G\u00fcltigkeit davon unber\u00fchrt.<\/p><p>Copyright 2003-2021:<\/p><p>Vervielf\u00e4ltigung der hier ver\u00f6ffentlichten Inhalte und Grafiken nur mit einer ausdr\u00fccklichen, schriftlichen Genehmigung durch ewamazurkoj.art. Logo und Schriftzug von ewamazurkoj.art sind gesch\u00fctzt. Zuwiderhandlung wird verfolgt.<\/p><h3>Link-Distanzierung<\/h3><p>Mit Urteil vom 12. Mai 1998 hat das Landgericht Hamburg entschieden, dass man durch die Ausbringung eines Links die Inhalte der gelinkten Seite ggf. mit zu verantworten hat. Dies kann, so das LG, nur dadurch verhindert werden, dass man sich ausdr\u00fccklich von diesen Inhalten distanziert. Wir haben auf unseren Seiten Links zu anderen Seiten im Internet gelegt. F\u00fcr alle diese Links gilt: Wir erkl\u00e4ren ausdr\u00fccklich, dass wir keinerlei Einfluss auf die Gestaltung und die Inhalte der gelinkten Seiten haben. Deshalb distanzieren wir uns hiermit ausdr\u00fccklich von allen Inhalten aller gelinkten Seiten auf unseren Seiten und wir machen uns diese Inhalte nicht zu Eigen. Diese Erkl\u00e4rung gilt f\u00fcr alle auf unseren Seiten angezeigten Links und f\u00fcr alle Inhalte der Seiten, zu denen die bei uns angemeldeten und Links f\u00fc<\/p>\t\t\t\t\t\t\t\t<\/div>\n\t\t\t\t<\/div>\n\t\t\t\t\t<\/div>\n\t\t<\/div>\n\t\t\t\t\t<\/div>\n\t\t<\/section>\n\t\t\t\t<\/div>\n\t\t","protected":false},"excerpt":{"rendered":"<p>Inhaltsverzeichnis Impressum Impressum Die Inhalte von ewamazurkoj.art wurden mit gr\u00f6\u00dfter Sorgfalt erstellt. F\u00fcr die Richtigkeit, Vollst\u00e4ndigkeit und Aktualit\u00e4t der Inhalte k\u00f6nnen wir jedoch keine Gew\u00e4hr \u00fcbernehmen. AtelierEwa Mazur-KojKulturzentrum Alte PantoffelfabrikGersteinring 344791 Bochum Tel. +49 176 665 19760 E-Mail: ewamazurkoj@gmail.comInternet: www.ewamazurkoj.art ID-St.: 350\/5160\/3215 Inhaltlich verantwortlich gem\u00e4\u00df \u00a7 10 Absatz 3 MDStV: AtelierEwa Mazur-Koj Konzept &amp; Umsetzung&hellip;<\/p>\n","protected":false},"author":2,"featured_media":0,"parent":0,"menu_order":100,"comment_status":"closed","ping_status":"closed","template":"elementor_header_footer","meta":{"footnotes":""},"class_list":["post-29656","page","type-page","status-publish","hentry"],"_links":{"self":[{"href":"https:\/\/ewamazurkoj.art\/web\/wp-json\/wp\/v2\/pages\/29656","targetHints":{"allow":["GET"]}}],"collection":[{"href":"https:\/\/ewamazurkoj.art\/web\/wp-json\/wp\/v2\/pages"}],"about":[{"href":"https:\/\/ewamazurkoj.art\/web\/wp-json\/wp\/v2\/types\/page"}],"author":[{"embeddable":true,"href":"https:\/\/ewamazurkoj.art\/web\/wp-json\/wp\/v2\/users\/2"}],"replies":[{"embeddable":true,"href":"https:\/\/ewamazurkoj.art\/web\/wp-json\/wp\/v2\/comments?post=29656"}],"version-history":[{"count":42,"href":"https:\/\/ewamazurkoj.art\/web\/wp-json\/wp\/v2\/pages\/29656\/revisions"}],"predecessor-version":[{"id":54428,"href":"https:\/\/ewamazurkoj.art\/web\/wp-json\/wp\/v2\/pages\/29656\/revisions\/54428"}],"wp:attachment":[{"href":"https:\/\/ewamazurkoj.art\/web\/wp-json\/wp\/v2\/media?parent=29656"}],"curies":[{"name":"wp","href":"https:\/\/api.w.org\/{rel}","templated":true}]}}